{"id":2530,"date":"2024-05-01T17:05:57","date_gmt":"2024-05-01T21:05:57","guid":{"rendered":"https:\/\/grandmasterfinancialplanning.com\/?page_id=2530"},"modified":"2025-09-09T17:16:06","modified_gmt":"2025-09-09T21:16:06","slug":"popup-mg","status":"publish","type":"page","link":"https:\/\/grandmasterfinancialplanning.com\/fr\/popup-mg\/","title":{"rendered":"PopUp-MG"},"content":{"rendered":"<p>[et_pb_section fb_built=&#8221;1&#8243; _builder_version=&#8221;4.25.0&#8243; _module_preset=&#8221;default&#8221; width=&#8221;100%&#8221; width_tablet=&#8221;100%&#8221; width_phone=&#8221;100%&#8221; width_last_edited=&#8221;on|phone&#8221; module_alignment=&#8221;center&#8221; custom_margin=&#8221;12px||0px||false|false&#8221; custom_margin_tablet=&#8221;0px||||false|false&#8221; custom_margin_phone=&#8221;0px||||false|false&#8221; custom_margin_last_edited=&#8221;on|tablet&#8221; custom_padding=&#8221;0px||0px||false|false&#8221; border_width_all=&#8221;5px&#8221; border_color_all=&#8221;#0e4e80&#8243; global_colors_info=&#8221;{}&#8221;][et_pb_row column_structure=&#8221;2_5,3_5&#8243; _builder_version=&#8221;4.25.0&#8243; _module_preset=&#8221;default&#8221; width=&#8221;100%&#8221; height_tablet=&#8221;&#8221; height_phone=&#8221;365px&#8221; height_last_edited=&#8221;on|phone&#8221; custom_margin=&#8221;0px||0px||true|false&#8221; custom_padding=&#8221;0px||0px||true|false&#8221; global_colors_info=&#8221;{}&#8221;][et_pb_column type=&#8221;2_5&#8243; _builder_version=&#8221;4.23.4&#8243; _module_preset=&#8221;default&#8221; global_colors_info=&#8221;{}&#8221;][et_pb_image src=&#8221;https:\/\/grandmasterfinancialplanning.com\/wp-content\/uploads\/2024\/04\/HQ-800-ELE.jpg&#8221; title_text=&#8221;GMH Headshots00601&#8243; _builder_version=&#8221;4.23.4&#8243; _module_preset=&#8221;default&#8221; global_colors_info=&#8221;{}&#8221;][\/et_pb_image][\/et_pb_column][et_pb_column type=&#8221;3_5&#8243; _builder_version=&#8221;4.23.4&#8243; _module_preset=&#8221;default&#8221; positioning=&#8221;absolute&#8221; position_origin_a=&#8221;bottom_right&#8221; global_colors_info=&#8221;{}&#8221;][et_pb_text _builder_version=&#8221;4.25.0&#8243; _module_preset=&#8221;default&#8221; header_font=&#8221;Playfair Display||||||||&#8221; header_text_color=&#8221;#0e4e80&#8243; header_2_font=&#8221;Mulish||||||||&#8221; header_2_text_color=&#8221;#d37400&#8243; header_2_font_size=&#8221;21px&#8221; width=&#8221;100%&#8221; custom_margin=&#8221;|||-95px|false|false&#8221; custom_margin_tablet=&#8221;0px||-52px|0px|false|false&#8221; custom_margin_phone=&#8221;|||0px|false|false&#8221; custom_margin_last_edited=&#8221;on|desktop&#8221; custom_padding_tablet=&#8221;0px||0px||false|false&#8221; custom_padding_phone=&#8221;0px||0px||false|false&#8221; custom_padding_last_edited=&#8221;on|tablet&#8221; hover_enabled=&#8221;0&#8243; header_text_align_tablet=&#8221;center&#8221; header_text_align_phone=&#8221;center&#8221; header_text_align_last_edited=&#8221;on|phone&#8221; header_font_size_tablet=&#8221;30px&#8221; header_font_size_phone=&#8221;30px&#8221; header_font_size_last_edited=&#8221;on|tablet&#8221; header_2_text_align_tablet=&#8221;center&#8221; header_2_text_align_phone=&#8221;center&#8221; header_2_text_align_last_edited=&#8221;on|tablet&#8221; module_alignment_tablet=&#8221;center&#8221; module_alignment_phone=&#8221;center&#8221; module_alignment_last_edited=&#8221;on|phone&#8221; global_colors_info=&#8221;{}&#8221; sticky_enabled=&#8221;0&#8243;]<\/p>\n<h1><strong>BSc., CLU, CFP\u00ae, Pl. Fin.<\/strong><\/h1>\n<h2><strong>Founder, President &amp; Lead Financial Planner.<\/strong><\/h2>\n<p>[\/et_pb_text][\/et_pb_column][\/et_pb_row][et_pb_row custom_padding_last_edited=&#8221;on|tablet&#8221; _builder_version=&#8221;4.25.0&#8243; _module_preset=&#8221;default&#8221; background_color=&#8221;#0e4e80&#8243; width=&#8221;100%&#8221; custom_margin=&#8221;0px||||false|false&#8221; custom_margin_tablet=&#8221;55px||||false|false&#8221; custom_margin_phone=&#8221;55px||||false|false&#8221; custom_margin_last_edited=&#8221;on|tablet&#8221; custom_padding=&#8221;19px||||false|false&#8221; custom_padding_tablet=&#8221;56px||||false|false&#8221; custom_padding_phone=&#8221;56px||||false|false&#8221; global_colors_info=&#8221;{}&#8221;][et_pb_column type=&#8221;4_4&#8243; _builder_version=&#8221;4.23.4&#8243; _module_preset=&#8221;default&#8221; global_colors_info=&#8221;{}&#8221;][et_pb_text _builder_version=&#8221;4.25.0&#8243; _module_preset=&#8221;default&#8221; text_font=&#8221;Playfair Display||||||||&#8221; text_text_color=&#8221;#FFFFFF&#8221; text_font_size=&#8221;100px&#8221; custom_padding=&#8221;23px||23px|15px|true|false&#8221; custom_padding_tablet=&#8221;15px||15px|15px|true|false&#8221; custom_padding_phone=&#8221;0px||||false|false&#8221; custom_padding_last_edited=&#8221;on|phone&#8221; text_font_size_tablet=&#8221;75px&#8221; text_font_size_phone=&#8221;45px&#8221; text_font_size_last_edited=&#8221;on|tablet&#8221; text_orientation_tablet=&#8221;center&#8221; text_orientation_phone=&#8221;center&#8221; text_orientation_last_edited=&#8221;on|tablet&#8221; global_colors_info=&#8221;{}&#8221;]<\/p>\n<p>Michel Guimond<\/p>\n<p>[\/et_pb_text][\/et_pb_column][\/et_pb_row][et_pb_row column_structure=&#8221;1_3,2_3&#8243; use_custom_gutter=&#8221;on&#8221; gutter_width=&#8221;2&#8243; _builder_version=&#8221;4.25.0&#8243; _module_preset=&#8221;default&#8221; background_color=&#8221;#FFFFFF&#8221; width=&#8221;100%&#8221; custom_margin=&#8221;0px||0px||true|false&#8221; custom_padding=&#8221;0px||0px||true|false&#8221; global_colors_info=&#8221;{}&#8221;][et_pb_column type=&#8221;1_3&#8243; _builder_version=&#8221;4.23.4&#8243; _module_preset=&#8221;default&#8221; background_color=&#8221;#0e4e80&#8243; global_colors_info=&#8221;{}&#8221;][et_pb_text _builder_version=&#8221;4.23.4&#8243; _module_preset=&#8221;default&#8221; header_font=&#8221;Playfair Display||||||||&#8221; header_text_color=&#8221;#FFFFFF&#8221; header_font_size=&#8221;60px&#8221; background_color=&#8221;#0e4e80&#8243; custom_margin=&#8221;40px|0px|55px|10px|false|false&#8221; custom_padding=&#8221;10px|20px|20px|15px|false|false&#8221; border_width_left=&#8221;5px&#8221; border_color_left=&#8221;#FFFFFF&#8221; global_colors_info=&#8221;{}&#8221;]<\/p>\n<h1><span>Meilleur conseiller financier en pensions dans la r\u00e9gion d'Ottawa.<\/span><\/h1>\n<p>[\/et_pb_text][\/et_pb_column][et_pb_column type=&#8221;2_3&#8243; _builder_version=&#8221;4.23.4&#8243; _module_preset=&#8221;default&#8221; background_color=&#8221;#FFFFFF&#8221; global_colors_info=&#8221;{}&#8221;][et_pb_text _builder_version=&#8221;4.25.0&#8243; _module_preset=&#8221;default&#8221; text_font=&#8221;Mulish|600|||||||&#8221; text_text_color=&#8221;#0e4e80&#8243; header_5_font=&#8221;Mulish|600|||||||&#8221; header_5_text_align=&#8221;left&#8221; header_5_text_color=&#8221;#0e4e80&#8243; header_5_line_height=&#8221;20.5px&#8221; width=&#8221;90%&#8221; width_tablet=&#8221;90%&#8221; width_phone=&#8221;90%&#8221; width_last_edited=&#8221;on|tablet&#8221; module_alignment=&#8221;left&#8221; custom_margin=&#8221;30px|0px|0px|0px|false|false&#8221; custom_margin_tablet=&#8221;0px||||false|false&#8221; custom_margin_phone=&#8221;0px||||false|false&#8221; custom_margin_last_edited=&#8221;on|phone&#8221; custom_padding=&#8221;0px|0px|0px|50px|false|false&#8221; custom_padding_tablet=&#8221;25px||25px||false|true&#8221; custom_padding_phone=&#8221;25px|26px|25px|26px|false|true&#8221; custom_padding_last_edited=&#8221;on|desktop&#8221; global_colors_info=&#8221;{}&#8221;]<\/p>\n<div class=\"et_pb_module et_pb_text et_pb_text_4  et_pb_text_align_left et_pb_bg_layout_light\">\n<div class=\"et_pb_text_inner\">\n<h5>Michel a \u00e9tudi\u00e9 \u00e0 l'Universit\u00e9 Laval, \u00e0 Qu\u00e9bec, et a obtenu un baccalaur\u00e9at en sciences actuarielles en 1985. Il a travaill\u00e9 chez Metropolitan Life (MetLife) \u00e0 Ottawa (et est rest\u00e9 dans la r\u00e9gion depuis!) de 1985 \u00e0 1990 dans le d\u00e9partement actuariel, et a obtenu son Associateship de la Society of Actuaries (Illinois, USA) en 1988. En 1990, il a d\u00e9cid\u00e9 de passer de l'autre c\u00f4t\u00e9 de la barri\u00e8re et de devenir planificateur financier pour aider les gens avec leurs finances.<\/h5>\n<h5>En 1993, il est all\u00e9 chez Great-West Life (GWL) en tant que directeur des ventes, puis directeur r\u00e9gional de la vie en 1997.<\/h5>\n<h5>En 2000, il a quitt\u00e9 GWL pour rejoindre un groupe d'actuaires et de planificateurs financiers et commencer \u00e0 donner des s\u00e9minaires de retraite pour l'Institut de planification de la retraite (RPI), le plus grand fournisseur de s\u00e9minaires de retraite pour les pensionn\u00e9s de la fonction publique. Depuis l'an 2000, Michel est le principal animateur de s\u00e9minaires de planification financi\u00e8re lors d'\u00e9v\u00e9nements exclusifs pour les employeurs et les employ\u00e9s du secteur public.<\/h5>\n<\/div>\n<\/div>\n<div class=\"et_pb_module et_pb_text et_pb_text_5  et_pb_text_align_left et_pb_bg_layout_light\">\n<h5 class=\"et_pb_text_inner\"><strong>Over 700 seminars later, he still does retirement seminars and provides financial plans to over 500 families.<\/strong><\/h5>\n<\/div>\n<p>[\/et_pb_text][\/et_pb_column][\/et_pb_row][\/et_pb_section]<\/p>","protected":false},"excerpt":{"rendered":"<p>BSc., CLU, CFP\u00ae, Pl. Fin. Founder, President &amp; Lead Financial Planner.Michel GuimondBest pension financial advisor in the Ottawa region. Michel studied at Laval University, in Quebec City, and obtained a Bachelor\u2019s degree in actuarial science in 1985. He worked at Metropolitan Life (MetLife) in Ottawa (and stayed in the region since then!) from 1985 to 1990 in the actuarial department, and obtained his Associateship from the Society of Actuaries (Illinois, USA), in 1988. In 1990, he decided to jump on the other side of the fence and to become a Financial Planner to help people with their finances. In 1993, he went to Great-West Life (GWL) as a sales manager, then Regional Life manager in 1997. In 2000, he left GWL to join a group of actuaries and financial planners and start giving retirement seminars for the Retirement Planning Institute (RPI), the largest provider of retirement seminars to the public function pensionneers. Since the year 2000, Michel has been the leading financial planning seminar facilitator at exclusive events for public sector employers and employees. Over 700 seminars later, he still does retirement seminars and provides financial plans to over 500 families.<\/p>","protected":false},"author":2,"featured_media":0,"parent":0,"menu_order":0,"comment_status":"closed","ping_status":"closed","template":"","meta":{"_et_pb_use_builder":"on","_et_pb_old_content":"","_et_gb_content_width":"","footnotes":""},"dipi_cpt_category":[],"class_list":["post-2530","page","type-page","status-publish","hentry"],"_links":{"self":[{"href":"https:\/\/grandmasterfinancialplanning.com\/fr\/wp-json\/wp\/v2\/pages\/2530","targetHints":{"allow":["GET"]}}],"collection":[{"href":"https:\/\/grandmasterfinancialplanning.com\/fr\/wp-json\/wp\/v2\/pages"}],"about":[{"href":"https:\/\/grandmasterfinancialplanning.com\/fr\/wp-json\/wp\/v2\/types\/page"}],"author":[{"embeddable":true,"href":"https:\/\/grandmasterfinancialplanning.com\/fr\/wp-json\/wp\/v2\/users\/2"}],"replies":[{"embeddable":true,"href":"https:\/\/grandmasterfinancialplanning.com\/fr\/wp-json\/wp\/v2\/comments?post=2530"}],"version-history":[{"count":13,"href":"https:\/\/grandmasterfinancialplanning.com\/fr\/wp-json\/wp\/v2\/pages\/2530\/revisions"}],"predecessor-version":[{"id":3961,"href":"https:\/\/grandmasterfinancialplanning.com\/fr\/wp-json\/wp\/v2\/pages\/2530\/revisions\/3961"}],"wp:attachment":[{"href":"https:\/\/grandmasterfinancialplanning.com\/fr\/wp-json\/wp\/v2\/media?parent=2530"}],"wp:term":[{"taxonomy":"dipi_cpt_category","embeddable":true,"href":"https:\/\/grandmasterfinancialplanning.com\/fr\/wp-json\/wp\/v2\/dipi_cpt_category?post=2530"}],"curies":[{"name":"wp","href":"https:\/\/api.w.org\/{rel}","templated":true}]}}